{"id":309,"date":"2023-02-02T11:39:13","date_gmt":"2023-02-02T14:39:13","guid":{"rendered":"https:\/\/luxtransfer.com.br\/?page_id=309"},"modified":"2025-01-03T16:35:14","modified_gmt":"2025-01-03T19:35:14","slug":"contato-transporte-executivo","status":"publish","type":"page","link":"https:\/\/luxtransfer.com.br\/es\/contato-transporte-executivo\/","title":{"rendered":"Contato Transporte Executivo"},"content":{"rendered":"<div data-elementor-type=\"wp-page\" data-elementor-id=\"309\" class=\"elementor elementor-309\" data-elementor-post-type=\"page\">\n\t\t\t\t\t\t<section class=\"elementor-section elementor-top-section elementor-element elementor-element-2d496e05 elementor-section-boxed elementor-section-height-default elementor-section-height-default\" data-id=\"2d496e05\" data-element_type=\"section\" data-settings=\"{&quot;background_background&quot;:&quot;classic&quot;}\">\n\t\t\t\t\t\t\t<div class=\"elementor-background-overlay\"><\/div>\n\t\t\t\t\t\t\t<div class=\"elementor-container elementor-column-gap-no\">\n\t\t\t\t\t<div class=\"elementor-column elementor-col-100 elementor-top-column elementor-element elementor-element-2cf77a19\" data-id=\"2cf77a19\" data-element_type=\"column\">\n\t\t\t<div class=\"elementor-widget-wrap elementor-element-populated\">\n\t\t\t\t\t\t<div class=\"elementor-element elementor-element-00f84d5 elementor-widget elementor-widget-qi_addons_for_elementor_section_title\" data-id=\"00f84d5\" data-element_type=\"widget\" data-widget_type=\"qi_addons_for_elementor_section_title.default\">\n\t\t\t\t<div class=\"elementor-widget-container\">\n\t\t\t\t\t<div class=\"qodef-shortcode qodef-m qodef-qi-section-title qodef-decoration--italic qodef-link--underline-draw qodef-subtitle-icon--left\">\n\t\t\t\t<h4 class=\"qodef-m-subtitle\">\n\t\tNuestros Contactos\t\t\t<\/h4>\n\t\t\t<h2 class=\"qodef-m-title\">\n\t\tEn <span class=\"qodef-e-colored\">contacto<\/span> con nosotros para reservar su Traslado Ejecutivo!\t<\/h2>\n\t\t\t<div class=\"qodef-m-text\">Servicio de atenci\u00f3n las 24 horas, por lo que se puede contar con nuestra ayuda en cualquier momento que lo necesite.\n<\/div>\n\t<\/div>\n\t\t\t\t<\/div>\n\t\t\t\t<\/div>\n\t\t\t\t\t<\/div>\n\t\t<\/div>\n\t\t\t\t\t<\/div>\n\t\t<\/section>\n\t\t\t\t<section class=\"elementor-section elementor-top-section elementor-element elementor-element-3e405e17 elementor-section-content-middle elementor-section-boxed elementor-section-height-default elementor-section-height-default\" data-id=\"3e405e17\" data-element_type=\"section\">\n\t\t\t\t\t\t<div class=\"elementor-container elementor-column-gap-no\">\n\t\t\t\t\t<div class=\"elementor-column elementor-col-100 elementor-top-column elementor-element elementor-element-190d5d04\" data-id=\"190d5d04\" data-element_type=\"column\">\n\t\t\t<div class=\"elementor-widget-wrap elementor-element-populated\">\n\t\t\t\t\t\t<div class=\"elementor-element elementor-element-308cfcfc elementor-widget__width-initial elementor-widget-mobile__width-inherit elementor-widget elementor-widget-qi_addons_for_elementor_icon_with_text\" data-id=\"308cfcfc\" data-element_type=\"widget\" data-widget_type=\"qi_addons_for_elementor_icon_with_text.default\">\n\t\t\t\t<div class=\"elementor-widget-container\">\n\t\t\t\t\t<div class=\"qodef-shortcode qodef-m qodef-qi-icon-with-text qodef-layout--top qodef-icon-boxed qodef--icon-pack qodef-alignment--center\" >\n\t\t\t<div class=\"qodef-m-icon-wrapper\">\n\t\t\t\t<div class=\"qodef-m-icon-holder\">\n\t\t<i aria-hidden=\"true\" class=\"far fa-envelope\"><\/i>\t<\/div>\n\t\t<\/div>\n\t\t<div class=\"qodef-m-content\">\n\t\t\t\t\t<h5 class=\"qodef-m-title\">\n\t\t\t\t\t<span class=\"qodef-m-title-text\">Correo electr\u00f3nico<\/span>\n\t\t\t<\/h5>\n\t\t\t<div class=\"qodef-m-text\"><p>contato@luxtransfer.com.br<\/p><\/div>\n\t\t\t<\/div>\n<\/div>\n\t\t\t\t<\/div>\n\t\t\t\t<\/div>\n\t\t\t\t<div class=\"elementor-element elementor-element-5cf33473 elementor-widget__width-initial elementor-widget-mobile__width-inherit elementor-widget elementor-widget-qi_addons_for_elementor_icon_with_text\" data-id=\"5cf33473\" data-element_type=\"widget\" data-widget_type=\"qi_addons_for_elementor_icon_with_text.default\">\n\t\t\t\t<div class=\"elementor-widget-container\">\n\t\t\t\t\t<div class=\"qodef-shortcode qodef-m qodef-qi-icon-with-text qodef-layout--top qodef-icon-boxed qodef--icon-pack qodef-alignment--center\" >\n\t\t\t<div class=\"qodef-m-icon-wrapper\">\n\t\t\t\t<div class=\"qodef-m-icon-holder\">\n\t\t<i aria-hidden=\"true\" class=\"far fa-map\"><\/i>\t<\/div>\n\t\t<\/div>\n\t\t<div class=\"qodef-m-content\">\n\t\t\t\t\t<h5 class=\"qodef-m-title\">\n\t\t\t\t\t<span class=\"qodef-m-title-text\">La direcci\u00f3n de<\/span>\n\t\t\t<\/h5>\n\t\t\t<div class=\"qodef-m-text\">Rio de Janeiro - RJ-brasil<\/div>\n\t\t\t<\/div>\n<\/div>\n\t\t\t\t<\/div>\n\t\t\t\t<\/div>\n\t\t\t\t<div class=\"elementor-element elementor-element-4f35f1e elementor-widget__width-initial elementor-widget-mobile__width-inherit elementor-widget elementor-widget-qi_addons_for_elementor_icon_with_text\" data-id=\"4f35f1e\" data-element_type=\"widget\" data-widget_type=\"qi_addons_for_elementor_icon_with_text.default\">\n\t\t\t\t<div class=\"elementor-widget-container\">\n\t\t\t\t\t<div class=\"qodef-shortcode qodef-m qodef-qi-icon-with-text qodef-layout--top qodef-icon-boxed qodef--icon-pack qodef-alignment--center\" >\n\t\t\t<div class=\"qodef-m-icon-wrapper\">\n\t\t\t\t<div class=\"qodef-m-icon-holder\">\n\t\t<i aria-hidden=\"true\" class=\"fas fa-phone\"><\/i>\t<\/div>\n\t\t<\/div>\n\t\t<div class=\"qodef-m-content\">\n\t\t\t\t\t<h5 class=\"qodef-m-title\">\n\t\t\t\t\t<span class=\"qodef-m-title-text\">El tel\u00e9fono<\/span>\n\t\t\t<\/h5>\n\t\t\t<div class=\"qodef-m-text\"><p>+55 (21) 9 7682-8801<\/p><\/div>\n\t\t\t<\/div>\n<\/div>\n\t\t\t\t<\/div>\n\t\t\t\t<\/div>\n\t\t\t\t\t<\/div>\n\t\t<\/div>\n\t\t\t\t\t<\/div>\n\t\t<\/section>\n\t\t\t\t<section class=\"elementor-section elementor-top-section elementor-element elementor-element-617a5b4 elementor-section-boxed elementor-section-height-default elementor-section-height-default\" data-id=\"617a5b4\" data-element_type=\"section\">\n\t\t\t\t\t\t<div class=\"elementor-container elementor-column-gap-no\">\n\t\t\t\t\t<div class=\"elementor-column elementor-col-50 elementor-top-column elementor-element elementor-element-3bd60b6\" data-id=\"3bd60b6\" data-element_type=\"column\" data-settings=\"{&quot;background_background&quot;:&quot;classic&quot;}\">\n\t\t\t<div class=\"elementor-widget-wrap elementor-element-populated\">\n\t\t\t\t\t\t<div class=\"elementor-element elementor-element-7a3b624 elementor-widget elementor-widget-heading\" data-id=\"7a3b624\" data-element_type=\"widget\" data-widget_type=\"heading.default\">\n\t\t\t\t<div class=\"elementor-widget-container\">\n\t\t\t\t\t<h2 class=\"elementor-heading-title elementor-size-default\">Cotizaci\u00f3n En L\u00ednea<\/h2>\t\t\t\t<\/div>\n\t\t\t\t<\/div>\n\t\t\t\t<div class=\"elementor-element elementor-element-6de3335 elementor-button-align-stretch elementor-widget elementor-widget-form\" data-id=\"6de3335\" data-element_type=\"widget\" data-settings=\"{&quot;step_next_label&quot;:&quot;Next&quot;,&quot;step_previous_label&quot;:&quot;Previous&quot;,&quot;step_type&quot;:&quot;number&quot;,&quot;button_width&quot;:&quot;100&quot;,&quot;step_icon_shape&quot;:&quot;circle&quot;}\" data-widget_type=\"form.default\">\n\t\t\t\t<div class=\"elementor-widget-container\">\n\t\t\t\t\t\t\t<form class=\"elementor-form\" method=\"post\" name=\"Booking Form\" action=\"\">\n\t\t\t<input type=\"hidden\" name=\"post_id\" value=\"309\"\/>\n\t\t\t<input type=\"hidden\" name=\"form_id\" value=\"6de3335\"\/>\n\t\t\t<input type=\"hidden\" name=\"referer_title\" value=\"\" \/>\n\n\t\t\t\n\t\t\t<div class=\"elementor-form-fields-wrapper elementor-labels-above\">\n\t\t\t\t\t\t\t\t<div class=\"elementor-field-type-text elementor-field-group elementor-column elementor-field-group-nome elementor-col-50 elementor-sm-50 elementor-field-required elementor-mark-required\">\n\t\t\t\t\t\t\t\t\t\t\t\t<label for=\"form-field-nome\" class=\"elementor-field-label\">\n\t\t\t\t\t\t\t\tEl origen de\t\t\t\t\t\t\t<\/label>\n\t\t\t\t\t\t\t\t\t\t\t\t\t\t<input size=\"1\" type=\"text\" name=\"form_fields[nome]\" id=\"form-field-nome\" class=\"elementor-field elementor-size-xs  elementor-field-textual\" required=\"required\" aria-required=\"true\">\n\t\t\t\t\t\t\t\t\t\t\t<\/div>\n\t\t\t\t\t\t\t\t<div class=\"elementor-field-type-text elementor-field-group elementor-column elementor-field-group-field_f86cb3e elementor-col-50 elementor-sm-50 elementor-field-required elementor-mark-required\">\n\t\t\t\t\t\t\t\t\t\t\t\t<label for=\"form-field-field_f86cb3e\" class=\"elementor-field-label\">\n\t\t\t\t\t\t\t\tEl Destino\t\t\t\t\t\t\t<\/label>\n\t\t\t\t\t\t\t\t\t\t\t\t\t\t<input size=\"1\" type=\"text\" name=\"form_fields[field_f86cb3e]\" id=\"form-field-field_f86cb3e\" class=\"elementor-field elementor-size-xs  elementor-field-textual\" required=\"required\" aria-required=\"true\">\n\t\t\t\t\t\t\t\t\t\t\t<\/div>\n\t\t\t\t\t\t\t\t<div class=\"elementor-field-type-select elementor-field-group elementor-column elementor-field-group-idaevolta elementor-col-100 elementor-field-required elementor-mark-required\">\n\t\t\t\t\t\t\t\t\t\t\t\t<label for=\"form-field-idaevolta\" class=\"elementor-field-label\">\n\t\t\t\t\t\t\t\tEl viaje de Ida y Vuelta?\t\t\t\t\t\t\t<\/label>\n\t\t\t\t\t\t\t\t<div class=\"elementor-field elementor-select-wrapper remove-before\">\n\t\t\t<div class=\"select-caret-down-wrapper\">\n\t\t\t\t<i aria-hidden=\"true\" class=\"eicon-caret-down\"><\/i>\t\t\t<\/div>\n\t\t\t<select name=\"form_fields[idaevolta]\" id=\"form-field-idaevolta\" class=\"elementor-field-textual elementor-size-xs\" required=\"required\" aria-required=\"true\">\n\t\t\t\t\t\t\t\t\t<option value=\"Somente Ida\" selected=\"selected\">Solo Ida<\/option>\n\t\t\t\t\t\t\t\t\t<option value=\"Ida e Volta\">El viaje de Ida y Vuelta<\/option>\n\t\t\t\t\t\t\t<\/select>\n\t\t<\/div>\n\t\t\t\t\t\t<\/div>\n\t\t\t\t\t\t\t\t<div class=\"elementor-field-type-date elementor-field-group elementor-column elementor-field-group-field_4d813dd elementor-col-50 elementor-field-required elementor-mark-required\">\n\t\t\t\t\t\t\t\t\t\t\t\t<label for=\"form-field-field_4d813dd\" class=\"elementor-field-label\">\n\t\t\t\t\t\t\t\tLa fecha de la Ida\t\t\t\t\t\t\t<\/label>\n\t\t\t\t\t\t\n\t\t<input type=\"date\" name=\"form_fields[field_4d813dd]\" id=\"form-field-field_4d813dd\" class=\"elementor-field elementor-size-xs  elementor-field-textual elementor-date-field elementor-use-native\" required=\"required\" aria-required=\"true\" pattern=\"[0-9]{4}-[0-9]{2}-[0-9]{2}\">\n\t\t\t\t\t\t<\/div>\n\t\t\t\t\t\t\t\t<div class=\"elementor-field-type-time elementor-field-group elementor-column elementor-field-group-field_43f55b3 elementor-col-50 elementor-field-required elementor-mark-required\">\n\t\t\t\t\t\t\t\t\t\t\t\t<label for=\"form-field-field_43f55b3\" class=\"elementor-field-label\">\n\t\t\t\t\t\t\t\tHorarios de la Ida\t\t\t\t\t\t\t<\/label>\n\t\t\t\t\t\t\t\t<input type=\"time\" name=\"form_fields[field_43f55b3]\" id=\"form-field-field_43f55b3\" class=\"elementor-field elementor-size-xs  elementor-field-textual elementor-time-field\" required=\"required\" aria-required=\"true\">\n\t\t\t\t\t\t<\/div>\n\t\t\t\t\t\t\t\t<div class=\"elementor-field-type-date elementor-field-group elementor-column elementor-field-group-field_0adb387 elementor-col-50 elementor-field-required elementor-mark-required\">\n\t\t\t\t\t\t\t\t\t\t\t\t<label for=\"form-field-field_0adb387\" class=\"elementor-field-label\">\n\t\t\t\t\t\t\t\tLa fecha de Regreso\t\t\t\t\t\t\t<\/label>\n\t\t\t\t\t\t\n\t\t<input type=\"date\" name=\"form_fields[field_0adb387]\" id=\"form-field-field_0adb387\" class=\"elementor-field elementor-size-xs  elementor-field-textual elementor-date-field elementor-use-native\" required=\"required\" aria-required=\"true\" pattern=\"[0-9]{4}-[0-9]{2}-[0-9]{2}\">\n\t\t\t\t\t\t<\/div>\n\t\t\t\t\t\t\t\t<div class=\"elementor-field-type-time elementor-field-group elementor-column elementor-field-group-field_a01f2aa elementor-col-50 elementor-field-required elementor-mark-required\">\n\t\t\t\t\t\t\t\t\t\t\t\t<label for=\"form-field-field_a01f2aa\" class=\"elementor-field-label\">\n\t\t\t\t\t\t\t\tEl horario de la Vuelta\t\t\t\t\t\t\t<\/label>\n\t\t\t\t\t\t\t\t<input type=\"time\" name=\"form_fields[field_a01f2aa]\" id=\"form-field-field_a01f2aa\" class=\"elementor-field elementor-size-xs  elementor-field-textual elementor-time-field\" required=\"required\" aria-required=\"true\">\n\t\t\t\t\t\t<\/div>\n\t\t\t\t\t\t\t\t<div class=\"elementor-field-type-text elementor-field-group elementor-column elementor-field-group-field_4058c3f elementor-col-50 elementor-field-required elementor-mark-required\">\n\t\t\t\t\t\t\t\t\t\t\t\t<label for=\"form-field-field_4058c3f\" class=\"elementor-field-label\">\n\t\t\t\t\t\t\t\tLa cantidad de Pasajeros\t\t\t\t\t\t\t<\/label>\n\t\t\t\t\t\t\t\t\t\t\t\t\t\t<input size=\"1\" type=\"text\" name=\"form_fields[field_4058c3f]\" id=\"form-field-field_4058c3f\" class=\"elementor-field elementor-size-xs  elementor-field-textual\" required=\"required\" aria-required=\"true\">\n\t\t\t\t\t\t\t\t\t\t\t<\/div>\n\t\t\t\t\t\t\t\t<div class=\"elementor-field-type-text elementor-field-group elementor-column elementor-field-group-field_bbebc6f elementor-col-50 elementor-field-required elementor-mark-required\">\n\t\t\t\t\t\t\t\t\t\t\t\t<label for=\"form-field-field_bbebc6f\" class=\"elementor-field-label\">\n\t\t\t\t\t\t\t\tLa cantidad de Equipaje\t\t\t\t\t\t\t<\/label>\n\t\t\t\t\t\t\t\t\t\t\t\t\t\t<input size=\"1\" type=\"text\" name=\"form_fields[field_bbebc6f]\" id=\"form-field-field_bbebc6f\" class=\"elementor-field elementor-size-xs  elementor-field-textual\" required=\"required\" aria-required=\"true\">\n\t\t\t\t\t\t\t\t\t\t\t<\/div>\n\t\t\t\t\t\t\t\t<div class=\"elementor-field-type-select elementor-field-group elementor-column elementor-field-group-veiculos elementor-col-100 elementor-field-required elementor-mark-required\">\n\t\t\t\t\t\t\t\t\t\t\t\t<label for=\"form-field-veiculos\" class=\"elementor-field-label\">\n\t\t\t\t\t\t\t\tLos veh\u00edculos\t\t\t\t\t\t\t<\/label>\n\t\t\t\t\t\t\t\t<div class=\"elementor-field elementor-select-wrapper remove-before\">\n\t\t\t<div class=\"select-caret-down-wrapper\">\n\t\t\t\t<i aria-hidden=\"true\" class=\"eicon-caret-down\"><\/i>\t\t\t<\/div>\n\t\t\t<select name=\"form_fields[veiculos]\" id=\"form-field-veiculos\" class=\"elementor-field-textual elementor-size-xs\" required=\"required\" aria-required=\"true\">\n\t\t\t\t\t\t\t\t\t<option value=\"Sedans Executivos\">Berlinas Ejecutivas<\/option>\n\t\t\t\t\t\t\t\t\t<option value=\"Minivan 7 passageiros\">La camioneta de 7 pasajeros<\/option>\n\t\t\t\t\t\t\t\t\t<option value=\"SUV\">CAMIONETA<\/option>\n\t\t\t\t\t\t\t\t\t<option value=\"Blindados\">Armados<\/option>\n\t\t\t\t\t\t\t\t\t<option value=\"Vans\">Vans<\/option>\n\t\t\t\t\t\t\t\t\t<option value=\"Micro\u00f4nibus\">Camioneta<\/option>\n\t\t\t\t\t\t\t<\/select>\n\t\t<\/div>\n\t\t\t\t\t\t<\/div>\n\t\t\t\t\t\t\t\t<div class=\"elementor-field-type-select elementor-field-group elementor-column elementor-field-group-field_21ab7a7 elementor-col-100 elementor-field-required elementor-mark-required\">\n\t\t\t\t\t\t\t\t\t\t\t\t<label for=\"form-field-field_21ab7a7\" class=\"elementor-field-label\">\n\t\t\t\t\t\t\t\tEl veh\u00edculo a su Disposici\u00f3n?\t\t\t\t\t\t\t<\/label>\n\t\t\t\t\t\t\t\t<div class=\"elementor-field elementor-select-wrapper remove-before\">\n\t\t\t<div class=\"select-caret-down-wrapper\">\n\t\t\t\t<i aria-hidden=\"true\" class=\"eicon-caret-down\"><\/i>\t\t\t<\/div>\n\t\t\t<select name=\"form_fields[field_21ab7a7]\" id=\"form-field-field_21ab7a7\" class=\"elementor-field-textual elementor-size-xs\" required=\"required\" aria-required=\"true\">\n\t\t\t\t\t\t\t\t\t<option value=\"N\u00e3o\">No<\/option>\n\t\t\t\t\t\t\t\t\t<option value=\"Sim\">S\u00ed<\/option>\n\t\t\t\t\t\t\t<\/select>\n\t\t<\/div>\n\t\t\t\t\t\t<\/div>\n\t\t\t\t\t\t\t\t<div class=\"elementor-field-type-text elementor-field-group elementor-column elementor-field-group-field_d941596 elementor-col-100 elementor-sm-50 elementor-field-required elementor-mark-required\">\n\t\t\t\t\t\t\t\t\t\t\t\t<label for=\"form-field-field_d941596\" class=\"elementor-field-label\">\n\t\t\t\t\t\t\t\tEl nombre de\t\t\t\t\t\t\t<\/label>\n\t\t\t\t\t\t\t\t\t\t\t\t\t\t<input size=\"1\" type=\"text\" name=\"form_fields[field_d941596]\" id=\"form-field-field_d941596\" class=\"elementor-field elementor-size-xs  elementor-field-textual\" required=\"required\" aria-required=\"true\">\n\t\t\t\t\t\t\t\t\t\t\t<\/div>\n\t\t\t\t\t\t\t\t<div class=\"elementor-field-type-tel elementor-field-group elementor-column elementor-field-group-Telefone elementor-col-50 elementor-sm-50 elementor-field-required elementor-mark-required\">\n\t\t\t\t\t\t\t\t\t\t\t\t<label for=\"form-field-Telefone\" class=\"elementor-field-label\">\n\t\t\t\t\t\t\t\tEl tel\u00e9fono\t\t\t\t\t\t\t<\/label>\n\t\t\t\t\t\t\t\t<input size=\"1\" type=\"tel\" name=\"form_fields[Telefone]\" id=\"form-field-Telefone\" class=\"elementor-field elementor-size-xs  elementor-field-textual\" required=\"required\" aria-required=\"true\" pattern=\"[0-9()#&amp;+*-=.]+\" title=\"Only numbers and phone characters (#, -, *, etc) are accepted.\">\n\n\t\t\t\t\t\t<\/div>\n\t\t\t\t\t\t\t\t<div class=\"elementor-field-type-email elementor-field-group elementor-column elementor-field-group-email elementor-col-50 elementor-field-required elementor-mark-required\">\n\t\t\t\t\t\t\t\t\t\t\t\t<label for=\"form-field-email\" class=\"elementor-field-label\">\n\t\t\t\t\t\t\t\tE-mail\t\t\t\t\t\t\t<\/label>\n\t\t\t\t\t\t\t\t\t\t\t\t\t\t<input size=\"1\" type=\"email\" name=\"form_fields[email]\" id=\"form-field-email\" class=\"elementor-field elementor-size-xs  elementor-field-textual\" required=\"required\" aria-required=\"true\">\n\t\t\t\t\t\t\t\t\t\t\t<\/div>\n\t\t\t\t\t\t\t\t<div class=\"elementor-field-type-textarea elementor-field-group elementor-column elementor-field-group-field_1303dbe elementor-col-100\">\n\t\t\t\t\t\t\t\t\t\t\t\t<label for=\"form-field-field_1303dbe\" class=\"elementor-field-label\">\n\t\t\t\t\t\t\t\tEl mensaje\t\t\t\t\t\t\t<\/label>\n\t\t\t\t\t\t<textarea class=\"elementor-field-textual elementor-field  elementor-size-xs\" name=\"form_fields[field_1303dbe]\" id=\"form-field-field_1303dbe\" rows=\"4\"><\/textarea>\t\t\t\t<\/div>\n\t\t\t\t\t\t\t\t<div class=\"elementor-field-type-checkbox elementor-field-group elementor-column elementor-field-group-field_6396c2e elementor-col-100\">\n\t\t\t\t\t\t\t\t\t\t\t\t<label for=\"form-field-field_6396c2e\" class=\"elementor-field-label\">\n\t\t\t\t\t\t\t\tLGPD\t\t\t\t\t\t\t<\/label>\n\t\t\t\t\t\t<div class=\"elementor-field-subgroup\"><span class=\"elementor-field-option\"><input type=\"checkbox\" value=\"Eu concordo com a pol\u00edtica de privacidade\" id=\"form-field-field_6396c2e-0\" name=\"form_fields[field_6396c2e]\"> <label for=\"form-field-field_6396c2e-0\">Yo estoy de acuerdo con la pol\u00edtica de privacidad.<\/label><\/span><\/div>\t\t\t\t<\/div>\n\t\t\t\t\t\t\t\t<div class=\"elementor-field-group elementor-column elementor-field-type-submit elementor-col-100 e-form__buttons\">\n\t\t\t\t\t<button class=\"elementor-button elementor-size-sm\" type=\"submit\">\n\t\t\t\t\t\t<span class=\"elementor-button-content-wrapper\">\n\t\t\t\t\t\t\t\t\t\t\t\t\t\t\t\t\t\t\t\t\t\t<span class=\"elementor-button-text\">Reservar<\/span>\n\t\t\t\t\t\t\t\t\t\t\t\t\t<\/span>\n\t\t\t\t\t<\/button>\n\t\t\t\t<\/div>\n\t\t\t<\/div>\n\t\t<input type=\"hidden\" name=\"trp-form-language\" value=\"es\"\/><\/form>\n\t\t\t\t\t\t<\/div>\n\t\t\t\t<\/div>\n\t\t\t\t\t<\/div>\n\t\t<\/div>\n\t\t\t\t<div class=\"elementor-column elementor-col-50 elementor-top-column elementor-element elementor-element-55df0bc\" data-id=\"55df0bc\" data-element_type=\"column\">\n\t\t\t<div class=\"elementor-widget-wrap elementor-element-populated\">\n\t\t\t\t\t\t<div class=\"elementor-element elementor-element-2ddaf76 elementor-widget elementor-widget-google_maps\" data-id=\"2ddaf76\" data-element_type=\"widget\" data-widget_type=\"google_maps.default\">\n\t\t\t\t<div class=\"elementor-widget-container\">\n\t\t\t\t\t\t\t<div class=\"elementor-custom-embed\">\n\t\t\t<iframe loading=\"lazy\"\n\t\t\t\t\tsrc=\"https:\/\/maps.google.com\/maps?q=Rio%20de%20Janeiro&#038;t=m&#038;z=10&#038;output=embed&#038;iwloc=near\"\n\t\t\t\t\ttitle=\"En r\u00edo de Janeiro\"\n\t\t\t\t\taria-label=\"En r\u00edo de Janeiro\"\n\t\t\t><\/iframe>\n\t\t<\/div>\n\t\t\t\t\t\t<\/div>\n\t\t\t\t<\/div>\n\t\t\t\t\t<\/div>\n\t\t<\/div>\n\t\t\t\t\t<\/div>\n\t\t<\/section>\n\t\t\t\t<\/div>","protected":false},"excerpt":{"rendered":"<p>Nossos Contatos Entre em contato conosco para reservar o seu Transporte Executivo! Atendimento 24 horas, para que voc\u00ea possa contar com a nossa ajuda sempre que precisar. Email contato@luxtransfer.com.br Endere\u00e7o Rio da Janeiro &#8211; RJ Telefone +55 (21) 9 7682-8801 Cota\u00e7\u00e3o Online<\/p>","protected":false},"author":1,"featured_media":1070,"parent":0,"menu_order":0,"comment_status":"closed","ping_status":"closed","template":"elementor_header_footer","meta":{"_joinchat":[],"footnotes":""},"class_list":["post-309","page","type-page","status-publish","has-post-thumbnail","hentry"],"_links":{"self":[{"href":"https:\/\/luxtransfer.com.br\/es\/wp-json\/wp\/v2\/pages\/309","targetHints":{"allow":["GET"]}}],"collection":[{"href":"https:\/\/luxtransfer.com.br\/es\/wp-json\/wp\/v2\/pages"}],"about":[{"href":"https:\/\/luxtransfer.com.br\/es\/wp-json\/wp\/v2\/types\/page"}],"author":[{"embeddable":true,"href":"https:\/\/luxtransfer.com.br\/es\/wp-json\/wp\/v2\/users\/1"}],"replies":[{"embeddable":true,"href":"https:\/\/luxtransfer.com.br\/es\/wp-json\/wp\/v2\/comments?post=309"}],"version-history":[{"count":20,"href":"https:\/\/luxtransfer.com.br\/es\/wp-json\/wp\/v2\/pages\/309\/revisions"}],"predecessor-version":[{"id":2197,"href":"https:\/\/luxtransfer.com.br\/es\/wp-json\/wp\/v2\/pages\/309\/revisions\/2197"}],"wp:featuredmedia":[{"embeddable":true,"href":"https:\/\/luxtransfer.com.br\/es\/wp-json\/wp\/v2\/media\/1070"}],"wp:attachment":[{"href":"https:\/\/luxtransfer.com.br\/es\/wp-json\/wp\/v2\/media?parent=309"}],"curies":[{"name":"wp","href":"https:\/\/api.w.org\/{rel}","templated":true}]}}