{"id":291,"date":"2023-02-02T11:27:13","date_gmt":"2023-02-02T14:27:13","guid":{"rendered":"https:\/\/luxtransfer.com.br\/?page_id=291"},"modified":"2025-04-24T12:21:56","modified_gmt":"2025-04-24T15:21:56","slug":"servicos-transporte-executivo","status":"publish","type":"page","link":"https:\/\/luxtransfer.com.br\/es\/servicos-transporte-executivo\/","title":{"rendered":"Los servicios"},"content":{"rendered":"<div data-elementor-type=\"wp-page\" data-elementor-id=\"291\" class=\"elementor elementor-291\" data-elementor-post-type=\"page\">\n\t\t\t\t\t\t<section class=\"elementor-section elementor-top-section elementor-element elementor-element-2c78193c elementor-section-boxed elementor-section-height-default elementor-section-height-default\" data-id=\"2c78193c\" data-element_type=\"section\" data-settings=\"{&quot;background_background&quot;:&quot;classic&quot;,&quot;shape_divider_bottom&quot;:&quot;curve&quot;,&quot;shape_divider_bottom_negative&quot;:&quot;yes&quot;}\">\n\t\t\t\t\t<div class=\"elementor-shape elementor-shape-bottom\" data-negative=\"true\">\n\t\t\t<svg xmlns=\"http:\/\/www.w3.org\/2000\/svg\" viewbox=\"0 0 1000 100\" preserveaspectratio=\"none\">\n\t<path class=\"elementor-shape-fill\" d=\"M500,97C126.7,96.3,0.8,19.8,0,0v100l1000,0V1C1000,19.4,873.3,97.8,500,97z\"\/>\n<\/svg>\t\t<\/div>\n\t\t\t\t\t<div class=\"elementor-container elementor-column-gap-no\">\n\t\t\t\t\t<div class=\"elementor-column elementor-col-100 elementor-top-column elementor-element elementor-element-1ac8315\" data-id=\"1ac8315\" data-element_type=\"column\">\n\t\t\t<div class=\"elementor-widget-wrap elementor-element-populated\">\n\t\t\t\t\t\t<div class=\"elementor-element elementor-element-3db80bd elementor-widget elementor-widget-qi_addons_for_elementor_section_title\" data-id=\"3db80bd\" data-element_type=\"widget\" data-widget_type=\"qi_addons_for_elementor_section_title.default\">\n\t\t\t\t<div class=\"elementor-widget-container\">\n\t\t\t\t\t<div class=\"qodef-shortcode qodef-m qodef-qi-section-title qodef-decoration--italic qodef-link--underline-draw qodef-subtitle-icon--left\">\n\t\t\t\t<h1 class=\"qodef-m-subtitle\">\n\t\tNuestros Servicios\t\t\t<\/h1>\n\t\t\t<h2 class=\"qodef-m-title\">\n\t\tSoluciones integrales y Personalizadas <span class=\"qodef-e-colored\">Los servicios<\/span> Ejecutiva\t<\/h2>\n\t\t\t<div class=\"qodef-m-text\"><p>Nos planteamos el viaje a un nuevo nivel de confort y seguridad de los servicios de transporte ejecutivo<\/p><\/div>\n\t<\/div>\n\t\t\t\t<\/div>\n\t\t\t\t<\/div>\n\t\t\t\t\t<\/div>\n\t\t<\/div>\n\t\t\t\t\t<\/div>\n\t\t<\/section>\n\t\t\t\t<section class=\"elementor-section elementor-top-section elementor-element elementor-element-68f897f elementor-section-boxed elementor-section-height-default elementor-section-height-default\" data-id=\"68f897f\" data-element_type=\"section\">\n\t\t\t\t\t\t<div class=\"elementor-container elementor-column-gap-wider\">\n\t\t\t\t\t<div class=\"elementor-column elementor-col-33 elementor-top-column elementor-element elementor-element-39b0fb0\" data-id=\"39b0fb0\" data-element_type=\"column\">\n\t\t\t<div class=\"elementor-widget-wrap elementor-element-populated\">\n\t\t\t\t\t\t<div class=\"elementor-element elementor-element-fc365c7 elementor-invisible elementor-widget elementor-widget-image\" data-id=\"fc365c7\" data-element_type=\"widget\" data-settings=\"{&quot;_animation&quot;:&quot;fadeInUp&quot;}\" data-widget_type=\"image.default\">\n\t\t\t\t<div class=\"elementor-widget-container\">\n\t\t\t\t\t\t\t\t\t\t\t\t\t\t\t<img fetchpriority=\"high\" decoding=\"async\" width=\"384\" height=\"180\" src=\"https:\/\/luxtransfer.com.br\/wp-content\/uploads\/2023\/03\/transfer-hoteis-resorts.jpg\" class=\"attachment-full size-full wp-image-992\" alt=\"Traslado a un Resort en un coche de lujo.\" srcset=\"https:\/\/luxtransfer.com.br\/wp-content\/uploads\/2023\/03\/transfer-hoteis-resorts.jpg 384w, https:\/\/luxtransfer.com.br\/wp-content\/uploads\/2023\/03\/transfer-hoteis-resorts-300x141.jpg 300w\" sizes=\"(max-width: 384px) 100vw, 384px\" \/>\t\t\t\t\t\t\t\t\t\t\t\t\t\t\t<\/div>\n\t\t\t\t<\/div>\n\t\t\t\t<div class=\"elementor-element elementor-element-e0d9a7a elementor-widget-tablet__width-initial elementor-widget-mobile__width-inherit elementor-cta--skin-classic elementor-animated-content elementor-bg-transform elementor-bg-transform-zoom-in elementor-invisible elementor-widget elementor-widget-call-to-action\" data-id=\"e0d9a7a\" data-element_type=\"widget\" data-settings=\"{&quot;_animation&quot;:&quot;fadeInUp&quot;,&quot;_animation_delay&quot;:100}\" data-widget_type=\"call-to-action.default\">\n\t\t\t\t<div class=\"elementor-widget-container\">\n\t\t\t\t\t\t\t<div class=\"elementor-cta\">\n\t\t\t\t\t\t\t<div class=\"elementor-cta__content\">\n\t\t\t\t\n\t\t\t\t\t\t\t\t\t<h2 class=\"elementor-cta__title elementor-cta__content-item elementor-content-item\">\n\t\t\t\t\t\tTraslados a los hoteles y complejos tur\u00edsticos\t\t\t\t\t<\/h2>\n\t\t\t\t\n\t\t\t\t\t\t\t\t\t<div class=\"elementor-cta__description elementor-cta__content-item elementor-content-item\">\n\t\t\t\t\t\tSi usted est\u00e1 buscando un Servicio de Transporte Ejecutivo para que llegue a su destino con estilo y comodidad, con la luz del Transfer le ofrece soluciones a medida para su traslado a los hoteles y centros tur\u00edsticos. Cuenta con una flota de veh\u00edculos de alta calidad, usted puede contar con un servicio eficiente y seguro para llegar a su destino con la m\u00e1xima tranquilidad y elegancia.\n \t\t\t\t\t<\/div>\n\t\t\t\t\n\t\t\t\t\t\t\t<\/div>\n\t\t\t\t\t\t<\/div>\n\t\t\t\t\t\t<\/div>\n\t\t\t\t<\/div>\n\t\t\t\t\t<\/div>\n\t\t<\/div>\n\t\t\t\t<div class=\"elementor-column elementor-col-33 elementor-top-column elementor-element elementor-element-93cc679\" data-id=\"93cc679\" data-element_type=\"column\">\n\t\t\t<div class=\"elementor-widget-wrap elementor-element-populated\">\n\t\t\t\t\t\t<div class=\"elementor-element elementor-element-f886b3b elementor-invisible elementor-widget elementor-widget-image\" data-id=\"f886b3b\" data-element_type=\"widget\" data-settings=\"{&quot;_animation&quot;:&quot;fadeInUp&quot;}\" data-widget_type=\"image.default\">\n\t\t\t\t<div class=\"elementor-widget-container\">\n\t\t\t\t\t\t\t\t\t\t\t\t\t\t\t<img decoding=\"async\" width=\"370\" height=\"172\" src=\"https:\/\/luxtransfer.com.br\/wp-content\/uploads\/2023\/10\/2.jpg\" class=\"attachment-full size-full wp-image-1645\" alt=\"\" srcset=\"https:\/\/luxtransfer.com.br\/wp-content\/uploads\/2023\/10\/2.jpg 370w, https:\/\/luxtransfer.com.br\/wp-content\/uploads\/2023\/10\/2-300x139.jpg 300w\" sizes=\"(max-width: 370px) 100vw, 370px\" \/>\t\t\t\t\t\t\t\t\t\t\t\t\t\t\t<\/div>\n\t\t\t\t<\/div>\n\t\t\t\t<div class=\"elementor-element elementor-element-b8a3e23 elementor-cta--layout-image-above elementor-widget-tablet__width-initial elementor-widget-mobile__width-inherit elementor-cta--skin-classic elementor-animated-content elementor-bg-transform elementor-bg-transform-zoom-in elementor-invisible elementor-widget elementor-widget-call-to-action\" data-id=\"b8a3e23\" data-element_type=\"widget\" data-settings=\"{&quot;_animation&quot;:&quot;fadeInUp&quot;,&quot;_animation_delay&quot;:500}\" data-widget_type=\"call-to-action.default\">\n\t\t\t\t<div class=\"elementor-widget-container\">\n\t\t\t\t\t\t\t<div class=\"elementor-cta\">\n\t\t\t\t\t\t\t<div class=\"elementor-cta__content\">\n\t\t\t\t\n\t\t\t\t\t\t\t\t\t<h2 class=\"elementor-cta__title elementor-cta__content-item elementor-content-item\">\n\t\t\t\t\t\tTraslado De Respuesta\t\t\t\t\t<\/h2>\n\t\t\t\t\n\t\t\t\t\t\t\t\t\t<div class=\"elementor-cta__description elementor-cta__content-item elementor-content-item\">\n\t\t\t\t\t\tTraslado de Astronom\u00eda de la m\u00e1s alta calidad para garantizar la llegada de la primera clase, en R\u00edo de Janeiro. Nuestros conductores son profesionales con una amplia experiencia en el uso de transporte ejecutivo, listos para dar la bienvenida a nuestros hu\u00e9spedes en el aeropuerto o en cualquier otro lugar, y llevarlos a su destino de manera segura y c\u00f3moda.\t\t\t\t\t<\/div>\n\t\t\t\t\n\t\t\t\t\t\t\t<\/div>\n\t\t\t\t\t\t<\/div>\n\t\t\t\t\t\t<\/div>\n\t\t\t\t<\/div>\n\t\t\t\t\t<\/div>\n\t\t<\/div>\n\t\t\t\t<div class=\"elementor-column elementor-col-33 elementor-top-column elementor-element elementor-element-6615bbb\" data-id=\"6615bbb\" data-element_type=\"column\">\n\t\t\t<div class=\"elementor-widget-wrap elementor-element-populated\">\n\t\t\t\t\t\t<div class=\"elementor-element elementor-element-32704f2 elementor-invisible elementor-widget elementor-widget-image\" data-id=\"32704f2\" data-element_type=\"widget\" data-settings=\"{&quot;_animation&quot;:&quot;fadeInUp&quot;}\" data-widget_type=\"image.default\">\n\t\t\t\t<div class=\"elementor-widget-container\">\n\t\t\t\t\t\t\t\t\t\t\t\t\t\t\t<img decoding=\"async\" width=\"384\" height=\"180\" src=\"https:\/\/luxtransfer.com.br\/wp-content\/uploads\/2023\/03\/city-tour-1.jpg\" class=\"attachment-full size-full wp-image-994\" alt=\"City tour por los principales puntos de inter\u00e9s tur\u00edstico de la ciudad.\" srcset=\"https:\/\/luxtransfer.com.br\/wp-content\/uploads\/2023\/03\/city-tour-1.jpg 384w, https:\/\/luxtransfer.com.br\/wp-content\/uploads\/2023\/03\/city-tour-1-300x141.jpg 300w\" sizes=\"(max-width: 384px) 100vw, 384px\" \/>\t\t\t\t\t\t\t\t\t\t\t\t\t\t\t<\/div>\n\t\t\t\t<\/div>\n\t\t\t\t<div class=\"elementor-element elementor-element-ad11afc elementor-cta--layout-image-above elementor-widget-tablet__width-initial elementor-widget-mobile__width-inherit elementor-cta--skin-classic elementor-animated-content elementor-bg-transform elementor-bg-transform-zoom-in elementor-invisible elementor-widget elementor-widget-call-to-action\" data-id=\"ad11afc\" data-element_type=\"widget\" data-settings=\"{&quot;_animation&quot;:&quot;fadeInUp&quot;,&quot;_animation_delay&quot;:700}\" data-widget_type=\"call-to-action.default\">\n\t\t\t\t<div class=\"elementor-widget-container\">\n\t\t\t\t\t\t\t<div class=\"elementor-cta\">\n\t\t\t\t\t\t\t<div class=\"elementor-cta__content\">\n\t\t\t\t\n\t\t\t\t\t\t\t\t\t<h2 class=\"elementor-cta__title elementor-cta__content-item elementor-content-item\">\n\t\t\t\t\t\tCity tour por los lugares de inter\u00e9s tur\u00edstico \t\t\t\t\t<\/h2>\n\t\t\t\t\n\t\t\t\t\t\t\t\t\t<div class=\"elementor-cta__description elementor-cta__content-item elementor-content-item\">\n\t\t\t\t\t\tSi quieres conocer Rio de Janeiro, con un poco m\u00e1s de comodidad y seguridad, a la luz de Transfer le ofrece soluciones a medida para la visita. Con choferes profesionales y capacitados, se puede disfrutar de un viaje c\u00f3modo y agradable para explorar las principales atracciones tur\u00edsticas de la ciudad.\n\t\t\t\t\t<\/div>\n\t\t\t\t\n\t\t\t\t\t\t\t<\/div>\n\t\t\t\t\t\t<\/div>\n\t\t\t\t\t\t<\/div>\n\t\t\t\t<\/div>\n\t\t\t\t\t<\/div>\n\t\t<\/div>\n\t\t\t\t\t<\/div>\n\t\t<\/section>\n\t\t\t\t<section class=\"elementor-section elementor-top-section elementor-element elementor-element-36f6dbd elementor-section-boxed elementor-section-height-default elementor-section-height-default\" data-id=\"36f6dbd\" data-element_type=\"section\">\n\t\t\t\t\t\t<div class=\"elementor-container elementor-column-gap-wider\">\n\t\t\t\t\t<div class=\"elementor-column elementor-col-33 elementor-top-column elementor-element elementor-element-db7f087\" data-id=\"db7f087\" data-element_type=\"column\">\n\t\t\t<div class=\"elementor-widget-wrap elementor-element-populated\">\n\t\t\t\t\t\t<div class=\"elementor-element elementor-element-924e4d5 elementor-invisible elementor-widget elementor-widget-image\" data-id=\"924e4d5\" data-element_type=\"widget\" data-settings=\"{&quot;_animation&quot;:&quot;fadeInUp&quot;}\" data-widget_type=\"image.default\">\n\t\t\t\t<div class=\"elementor-widget-container\">\n\t\t\t\t\t\t\t\t\t\t\t\t\t\t\t<img loading=\"lazy\" decoding=\"async\" width=\"384\" height=\"180\" src=\"https:\/\/luxtransfer.com.br\/wp-content\/uploads\/2023\/03\/translado-executivos.jpg\" class=\"attachment-full size-full wp-image-995\" alt=\"Servicio de transporte para ejecutivos y negocios.\" srcset=\"https:\/\/luxtransfer.com.br\/wp-content\/uploads\/2023\/03\/translado-executivos.jpg 384w, https:\/\/luxtransfer.com.br\/wp-content\/uploads\/2023\/03\/translado-executivos-300x141.jpg 300w\" sizes=\"(max-width: 384px) 100vw, 384px\" \/>\t\t\t\t\t\t\t\t\t\t\t\t\t\t\t<\/div>\n\t\t\t\t<\/div>\n\t\t\t\t<div class=\"elementor-element elementor-element-fa11fe2 elementor-cta--layout-image-above elementor-widget-tablet__width-initial elementor-widget-mobile__width-inherit elementor-cta--skin-classic elementor-animated-content elementor-bg-transform elementor-bg-transform-zoom-in elementor-invisible elementor-widget elementor-widget-call-to-action\" data-id=\"fa11fe2\" data-element_type=\"widget\" data-settings=\"{&quot;_animation&quot;:&quot;fadeInUp&quot;,&quot;_animation_delay&quot;:100}\" data-widget_type=\"call-to-action.default\">\n\t\t\t\t<div class=\"elementor-widget-container\">\n\t\t\t\t\t\t\t<div class=\"elementor-cta\">\n\t\t\t\t\t\t\t<div class=\"elementor-cta__content\">\n\t\t\t\t\n\t\t\t\t\t\t\t\t\t<h2 class=\"elementor-cta__title elementor-cta__content-item elementor-content-item\">\n\t\t\t\t\t\tTraslados ejecutivos\t\t\t\t\t<\/h2>\n\t\t\t\t\n\t\t\t\t\t\t\t\t\t<div class=\"elementor-cta__description elementor-cta__content-item elementor-content-item\">\n\t\t\t\t\t\tLa luz de Transfer, tambi\u00e9n ofrece soluciones para el transporte y el servicio de traslado de ejecutivos de negocios. En los veh\u00edculos de alto standing, armados o no, y a los conductores altamente calificados, usted puede contar con el viaje sea m\u00e1s seguro, r\u00e1pido y c\u00f3modo, cuenta con la tecnolog\u00eda m\u00e1s avanzada de nuestros veh\u00edculos.\t\t\t\t\t<\/div>\n\t\t\t\t\n\t\t\t\t\t\t\t<\/div>\n\t\t\t\t\t\t<\/div>\n\t\t\t\t\t\t<\/div>\n\t\t\t\t<\/div>\n\t\t\t\t\t<\/div>\n\t\t<\/div>\n\t\t\t\t<div class=\"elementor-column elementor-col-33 elementor-top-column elementor-element elementor-element-dd6e6ac\" data-id=\"dd6e6ac\" data-element_type=\"column\">\n\t\t\t<div class=\"elementor-widget-wrap elementor-element-populated\">\n\t\t\t\t\t\t<div class=\"elementor-element elementor-element-b961bfe elementor-invisible elementor-widget elementor-widget-image\" data-id=\"b961bfe\" data-element_type=\"widget\" data-settings=\"{&quot;_animation&quot;:&quot;fadeInUp&quot;}\" data-widget_type=\"image.default\">\n\t\t\t\t<div class=\"elementor-widget-container\">\n\t\t\t\t\t\t\t\t\t\t\t\t\t\t\t<img loading=\"lazy\" decoding=\"async\" width=\"370\" height=\"172\" src=\"https:\/\/luxtransfer.com.br\/wp-content\/uploads\/2023\/10\/1.jpg\" class=\"attachment-full size-full wp-image-1644\" alt=\"\" srcset=\"https:\/\/luxtransfer.com.br\/wp-content\/uploads\/2023\/10\/1.jpg 370w, https:\/\/luxtransfer.com.br\/wp-content\/uploads\/2023\/10\/1-300x139.jpg 300w\" sizes=\"(max-width: 370px) 100vw, 370px\" \/>\t\t\t\t\t\t\t\t\t\t\t\t\t\t\t<\/div>\n\t\t\t\t<\/div>\n\t\t\t\t<div class=\"elementor-element elementor-element-21263ca elementor-cta--layout-image-above elementor-widget-tablet__width-initial elementor-widget-mobile__width-inherit elementor-cta--skin-classic elementor-animated-content elementor-bg-transform elementor-bg-transform-zoom-in elementor-invisible elementor-widget elementor-widget-call-to-action\" data-id=\"21263ca\" data-element_type=\"widget\" data-settings=\"{&quot;_animation&quot;:&quot;fadeInUp&quot;,&quot;_animation_delay&quot;:500}\" data-widget_type=\"call-to-action.default\">\n\t\t\t\t<div class=\"elementor-widget-container\">\n\t\t\t\t\t\t\t<div class=\"elementor-cta\">\n\t\t\t\t\t\t\t<div class=\"elementor-cta__content\">\n\t\t\t\t\n\t\t\t\t\t\t\t\t\t<h2 class=\"elementor-cta__title elementor-cta__content-item elementor-content-item\">\n\t\t\t\t\t\tEl Transporte en los veh\u00edculos\t\t\t\t\t<\/h2>\n\t\t\t\t\n\t\t\t\t\t\t\t\t\t<div class=\"elementor-cta__description elementor-cta__content-item elementor-content-item\">\n\t\t\t\t\t\tDisponemos de una amplia gama de veh\u00edculos blindados de combate, para poder satisfacer las necesidades de todos nuestros clientes. Los blindados de combate, ofrecen una capa adicional de protecci\u00f3n. La opci\u00f3n a viajar en un veh\u00edculo blindado, que es com\u00fan entre los ejecutivos de las celebridades y las personas con alta exposici\u00f3n del p\u00fablico en general. Por razones de seguridad y privacidad de los datos. \t\t\t\t\t<\/div>\n\t\t\t\t\n\t\t\t\t\t\t\t<\/div>\n\t\t\t\t\t\t<\/div>\n\t\t\t\t\t\t<\/div>\n\t\t\t\t<\/div>\n\t\t\t\t\t<\/div>\n\t\t<\/div>\n\t\t\t\t<div class=\"elementor-column elementor-col-33 elementor-top-column elementor-element elementor-element-c52a63e\" data-id=\"c52a63e\" data-element_type=\"column\">\n\t\t\t<div class=\"elementor-widget-wrap elementor-element-populated\">\n\t\t\t\t\t\t<div class=\"elementor-element elementor-element-e950c0e elementor-invisible elementor-widget elementor-widget-image\" data-id=\"e950c0e\" data-element_type=\"widget\" data-settings=\"{&quot;_animation&quot;:&quot;fadeInUp&quot;}\" data-widget_type=\"image.default\">\n\t\t\t\t<div class=\"elementor-widget-container\">\n\t\t\t\t\t\t\t\t\t\t\t\t\t\t\t<img loading=\"lazy\" decoding=\"async\" width=\"384\" height=\"180\" src=\"https:\/\/luxtransfer.com.br\/wp-content\/uploads\/2023\/03\/veiculo-noivas.jpg\" class=\"attachment-full size-full wp-image-997\" alt=\"Un veh\u00edculo cl\u00e1sico y de lujo de la boda. Se utiliza para el transporte de la novia.\" srcset=\"https:\/\/luxtransfer.com.br\/wp-content\/uploads\/2023\/03\/veiculo-noivas.jpg 384w, https:\/\/luxtransfer.com.br\/wp-content\/uploads\/2023\/03\/veiculo-noivas-300x141.jpg 300w\" sizes=\"(max-width: 384px) 100vw, 384px\" \/>\t\t\t\t\t\t\t\t\t\t\t\t\t\t\t<\/div>\n\t\t\t\t<\/div>\n\t\t\t\t<div class=\"elementor-element elementor-element-7f9c974 elementor-cta--layout-image-above elementor-widget-tablet__width-initial elementor-widget-mobile__width-inherit elementor-cta--skin-classic elementor-animated-content elementor-bg-transform elementor-bg-transform-zoom-in elementor-invisible elementor-widget elementor-widget-call-to-action\" data-id=\"7f9c974\" data-element_type=\"widget\" data-settings=\"{&quot;_animation&quot;:&quot;fadeInUp&quot;,&quot;_animation_delay&quot;:700}\" data-widget_type=\"call-to-action.default\">\n\t\t\t\t<div class=\"elementor-widget-container\">\n\t\t\t\t\t\t\t<div class=\"elementor-cta\">\n\t\t\t\t\t\t\t<div class=\"elementor-cta__content\">\n\t\t\t\t\n\t\t\t\t\t\t\t\t\t<h2 class=\"elementor-cta__title elementor-cta__content-item elementor-content-item\">\n\t\t\t\t\t\tCoches cl\u00e1sicos para bodas\t\t\t\t\t<\/h2>\n\t\t\t\t\n\t\t\t\t\t\t\t\t\t<div class=\"elementor-cta__description elementor-cta__content-item elementor-content-item\">\n\t\t\t\t\t\tLos veh\u00edculos de alta gama, con los conductores para las novias, para que se pueda llegar a un gran d\u00eda, con el glamour, la elegancia y el estilo. Todos rigurosamente mantenido y equipado con las mejores tecnolog\u00edas. Nuestros conductores est\u00e1n capacitados y con experiencia, preparado para el fin de garantizar una experiencia excepcional en este d\u00eda tan importante.\t\t\t\t\t<\/div>\n\t\t\t\t\n\t\t\t\t\t\t\t<\/div>\n\t\t\t\t\t\t<\/div>\n\t\t\t\t\t\t<\/div>\n\t\t\t\t<\/div>\n\t\t\t\t\t<\/div>\n\t\t<\/div>\n\t\t\t\t\t<\/div>\n\t\t<\/section>\n\t\t\t\t<section class=\"elementor-section elementor-top-section elementor-element elementor-element-97e6405 elementor-section-boxed elementor-section-height-default elementor-section-height-default\" data-id=\"97e6405\" data-element_type=\"section\">\n\t\t\t\t\t\t<div class=\"elementor-container elementor-column-gap-default\">\n\t\t\t\t\t<div class=\"elementor-column elementor-col-100 elementor-top-column elementor-element elementor-element-c623d78\" data-id=\"c623d78\" data-element_type=\"column\">\n\t\t\t<div class=\"elementor-widget-wrap elementor-element-populated\">\n\t\t\t\t\t\t<div class=\"elementor-element elementor-element-dc861b1 elementor-align-center elementor-widget elementor-widget-button\" data-id=\"dc861b1\" data-element_type=\"widget\" data-widget_type=\"button.default\">\n\t\t\t\t<div class=\"elementor-widget-container\">\n\t\t\t\t\t\t\t\t\t<div class=\"elementor-button-wrapper\">\n\t\t\t\t\t<a class=\"elementor-button elementor-button-link elementor-size-sm\" href=\"https:\/\/api.whatsapp.com\/send?phone=55021976828801&#038;text=Ol%C3%A1%20Lux%20Transfer,%20estou%20entrando%20em%20contato%20para%20solicitar%20um%20or%C3%A7amento.\" target=\"_blank\">\n\t\t\t\t\t\t<span class=\"elementor-button-content-wrapper\">\n\t\t\t\t\t\t<span class=\"elementor-button-icon\">\n\t\t\t\t<i aria-hidden=\"true\" class=\"fab fa-whatsapp\"><\/i>\t\t\t<\/span>\n\t\t\t\t\t\t\t\t\t<span class=\"elementor-button-text\">Whatsapp<\/span>\n\t\t\t\t\t<\/span>\n\t\t\t\t\t<\/a>\n\t\t\t\t<\/div>\n\t\t\t\t\t\t\t\t<\/div>\n\t\t\t\t<\/div>\n\t\t\t\t\t<\/div>\n\t\t<\/div>\n\t\t\t\t\t<\/div>\n\t\t<\/section>\n\t\t\t\t<\/div>","protected":false},"excerpt":{"rendered":"<p>Nossos Servi\u00e7os Solu\u00e7\u00f5es Personalizadas e Servi\u00e7os de Transporte Executivo Elevamos a sua jornada a um novo patamar de conforto e seguran\u00e7a com nossos servi\u00e7os de transfer executivo Transfer para hot\u00e9is e resorts Se voc\u00ea est\u00e1 procurando por Servi\u00e7os de Transporte Executivo para chegar a seu destino com estilo e conforto, a Lux Transfer oferece solu\u00e7\u00f5es [&hellip;]<\/p>","protected":false},"author":1,"featured_media":1070,"parent":0,"menu_order":0,"comment_status":"closed","ping_status":"closed","template":"elementor_header_footer","meta":{"_joinchat":[],"footnotes":""},"class_list":["post-291","page","type-page","status-publish","has-post-thumbnail","hentry"],"_links":{"self":[{"href":"https:\/\/luxtransfer.com.br\/es\/wp-json\/wp\/v2\/pages\/291","targetHints":{"allow":["GET"]}}],"collection":[{"href":"https:\/\/luxtransfer.com.br\/es\/wp-json\/wp\/v2\/pages"}],"about":[{"href":"https:\/\/luxtransfer.com.br\/es\/wp-json\/wp\/v2\/types\/page"}],"author":[{"embeddable":true,"href":"https:\/\/luxtransfer.com.br\/es\/wp-json\/wp\/v2\/users\/1"}],"replies":[{"embeddable":true,"href":"https:\/\/luxtransfer.com.br\/es\/wp-json\/wp\/v2\/comments?post=291"}],"version-history":[{"count":9,"href":"https:\/\/luxtransfer.com.br\/es\/wp-json\/wp\/v2\/pages\/291\/revisions"}],"predecessor-version":[{"id":2212,"href":"https:\/\/luxtransfer.com.br\/es\/wp-json\/wp\/v2\/pages\/291\/revisions\/2212"}],"wp:featuredmedia":[{"embeddable":true,"href":"https:\/\/luxtransfer.com.br\/es\/wp-json\/wp\/v2\/media\/1070"}],"wp:attachment":[{"href":"https:\/\/luxtransfer.com.br\/es\/wp-json\/wp\/v2\/media?parent=291"}],"curies":[{"name":"wp","href":"https:\/\/api.w.org\/{rel}","templated":true}]}}