{"id":286,"date":"2023-02-02T11:25:03","date_gmt":"2023-02-02T14:25:03","guid":{"rendered":"https:\/\/luxtransfer.com.br\/?page_id=286"},"modified":"2025-04-24T12:21:02","modified_gmt":"2025-04-24T15:21:02","slug":"empresa-transporte-executivo","status":"publish","type":"page","link":"https:\/\/luxtransfer.com.br\/es\/empresa-transporte-executivo\/","title":{"rendered":"\u00bfQui\u00e9nes Somos?"},"content":{"rendered":"<div data-elementor-type=\"wp-page\" data-elementor-id=\"286\" class=\"elementor elementor-286\" data-elementor-post-type=\"page\">\n\t\t\t\t\t\t<section class=\"elementor-section elementor-top-section elementor-element elementor-element-491b6e9 elementor-section-content-middle elementor-section-boxed elementor-section-height-default elementor-section-height-default\" data-id=\"491b6e9\" data-element_type=\"section\" data-settings=\"{&quot;background_background&quot;:&quot;classic&quot;}\">\n\t\t\t\t\t\t<div class=\"elementor-container elementor-column-gap-no\">\n\t\t\t\t\t<div class=\"elementor-column elementor-col-50 elementor-top-column elementor-element elementor-element-26ea1846\" data-id=\"26ea1846\" data-element_type=\"column\" data-settings=\"{&quot;background_background&quot;:&quot;classic&quot;}\">\n\t\t\t<div class=\"elementor-widget-wrap elementor-element-populated\">\n\t\t\t\t\t\t<div class=\"elementor-element elementor-element-baac5f8 elementor-widget elementor-widget-image\" data-id=\"baac5f8\" data-element_type=\"widget\" data-widget_type=\"image.default\">\n\t\t\t\t<div class=\"elementor-widget-container\">\n\t\t\t\t\t\t\t\t\t\t\t\t\t\t\t<img fetchpriority=\"high\" decoding=\"async\" width=\"865\" height=\"1342\" src=\"https:\/\/luxtransfer.com.br\/wp-content\/uploads\/2023\/03\/empresa-de-transporte-executivo.jpg\" class=\"attachment-full size-full wp-image-1168\" alt=\"Empresa de transporte executivo no Rio de Janeiro\" srcset=\"https:\/\/luxtransfer.com.br\/wp-content\/uploads\/2023\/03\/empresa-de-transporte-executivo.jpg 865w, https:\/\/luxtransfer.com.br\/wp-content\/uploads\/2023\/03\/empresa-de-transporte-executivo-193x300.jpg 193w, https:\/\/luxtransfer.com.br\/wp-content\/uploads\/2023\/03\/empresa-de-transporte-executivo-660x1024.jpg 660w, https:\/\/luxtransfer.com.br\/wp-content\/uploads\/2023\/03\/empresa-de-transporte-executivo-768x1192.jpg 768w\" sizes=\"(max-width: 865px) 100vw, 865px\" \/>\t\t\t\t\t\t\t\t\t\t\t\t\t\t\t<\/div>\n\t\t\t\t<\/div>\n\t\t\t\t\t<\/div>\n\t\t<\/div>\n\t\t\t\t<div class=\"elementor-column elementor-col-50 elementor-top-column elementor-element elementor-element-3f5852e5\" data-id=\"3f5852e5\" data-element_type=\"column\" data-settings=\"{&quot;background_background&quot;:&quot;classic&quot;}\">\n\t\t\t<div class=\"elementor-widget-wrap elementor-element-populated\">\n\t\t\t\t\t\t<div class=\"elementor-element elementor-element-8f14da8 elementor-widget elementor-widget-qi_addons_for_elementor_section_title\" data-id=\"8f14da8\" data-element_type=\"widget\" data-widget_type=\"qi_addons_for_elementor_section_title.default\">\n\t\t\t\t<div class=\"elementor-widget-container\">\n\t\t\t\t\t<div class=\"qodef-shortcode qodef-m qodef-qi-section-title qodef-decoration--italic qodef-link--underline-draw qodef-subtitle-icon--left\">\n\t\t\t\t\t\t<h1 class=\"qodef-m-title\">\n\t\tLa Empresa de <span class=\"qodef-e-colored\">el transporte<\/span> el ejecutivo\t<\/h1>\n\t\t\t<div class=\"qodef-m-text\"><p>Conozca a la luz de Transfer, una empresa de transporte ejecutivo, en R\u00edo de Janeiro.<\/p><p>Por otra parte, gracias a su personal altamente cualificado, y lo m\u00e1s importante, su flota de veh\u00edculos moderna y bien cuidada, te ofrecemos, por ejemplo, los servicios de traslados desde y hacia los hoteles y los centros tur\u00edsticos, city tour, traslados de ejecutivos y negocios.<\/p><p>De la misma manera que, en primer lugar, ofrecemos los coches blindados y no blindados, y en segundo lugar, con chofer biling\u00fce y una recepci\u00f3n abierta las 24 horas del d\u00eda.<\/p><h2>La experiencia y capacitaci\u00f3n del Personal<\/h2><p>Mientras tanto, la experiencia y la cualificaci\u00f3n del personal, desde el principio, a la luz de Transfer, se ha destacado como una empresa l\u00edder en el mercado de transporte por el ejecutivo.<\/p><p>O sea, despu\u00e9s de eso, le ofrecemos soluciones innovadoras y personalizadas para satisfacer las necesidades de todos nuestros clientes.<\/p><p>Sin duda, es el resultado de un equipo altamente cualificado y con amplia experiencia en el transporte de ejecutivos.<\/p><p>De la misma manera, se tiene un firme compromiso de ofrecer a nuestros clientes un viaje de alta calidad y de forma segura.<\/p><\/div>\n\t<\/div>\n\t\t\t\t<\/div>\n\t\t\t\t<\/div>\n\t\t\t\t\t<\/div>\n\t\t<\/div>\n\t\t\t\t\t<\/div>\n\t\t<\/section>\n\t\t\t\t<section class=\"elementor-section elementor-top-section elementor-element elementor-element-6812d9a elementor-section-boxed elementor-section-height-default elementor-section-height-default\" data-id=\"6812d9a\" data-element_type=\"section\" data-settings=\"{&quot;background_background&quot;:&quot;classic&quot;}\">\n\t\t\t\t\t\t<div class=\"elementor-container elementor-column-gap-default\">\n\t\t\t\t\t<div class=\"elementor-column elementor-col-50 elementor-top-column elementor-element elementor-element-5d42512\" data-id=\"5d42512\" data-element_type=\"column\" data-settings=\"{&quot;background_background&quot;:&quot;classic&quot;}\">\n\t\t\t<div class=\"elementor-widget-wrap elementor-element-populated\">\n\t\t\t\t\t\t<div class=\"elementor-element elementor-element-7a050ad elementor-widget elementor-widget-qi_addons_for_elementor_section_title\" data-id=\"7a050ad\" data-element_type=\"widget\" data-widget_type=\"qi_addons_for_elementor_section_title.default\">\n\t\t\t\t<div class=\"elementor-widget-container\">\n\t\t\t\t\t<div class=\"qodef-shortcode qodef-m qodef-qi-section-title qodef-decoration--italic qodef-link--underline-draw qodef-subtitle-icon--left\">\n\t\t\t\t\t\t\t\t<div class=\"qodef-m-text\"><h2>Una flota Moderna y muy Bien Cuidado<\/h2><p>En cuanto a la flota, a continuaci\u00f3n se incluye, por ejemplo, los veh\u00edculos de alta calidad, como los coches elegantes y confortables, y los veh\u00edculos de transporte, para satisfacer todas las necesidades de transporte de nuestros clientes.<\/p><p>Es decir, que todos los veh\u00edculos de los que son estrictamente mantenido y equipado con las mejores tecnolog\u00edas, como por ejemplo aire acondicionado, conexi\u00f3n Wi-Fi gratuita y un sistema de sonido de \u00faltima generaci\u00f3n.<\/p><p>De la misma manera, nuestros conductores son profesionales capacitados y con experiencia, y como resultado de ello, se ha preparado para atender a las necesidades de nuestros clientes y garantizar un viaje seguro y agradable.<\/p><\/div>\n\t<\/div>\n\t\t\t\t<\/div>\n\t\t\t\t<\/div>\n\t\t\t\t<div class=\"elementor-element elementor-element-491befab elementor-align-center elementor-tablet-align-left elementor-mobile-align-justify elementor-widget__width-auto elementor-widget elementor-widget-button\" data-id=\"491befab\" data-element_type=\"widget\" data-widget_type=\"button.default\">\n\t\t\t\t<div class=\"elementor-widget-container\">\n\t\t\t\t\t\t\t\t\t<div class=\"elementor-button-wrapper\">\n\t\t\t\t\t<a class=\"elementor-button elementor-button-link elementor-size-sm\" href=\"https:\/\/luxtransfer.com.br\/es\/servicos-transporte-executivo\/\">\n\t\t\t\t\t\t<span class=\"elementor-button-content-wrapper\">\n\t\t\t\t\t\t<span class=\"elementor-button-icon\">\n\t\t\t\t<i aria-hidden=\"true\" class=\"fas fa-car\"><\/i>\t\t\t<\/span>\n\t\t\t\t\t\t\t\t\t<span class=\"elementor-button-text\">Nuestros servicios<\/span>\n\t\t\t\t\t<\/span>\n\t\t\t\t\t<\/a>\n\t\t\t\t<\/div>\n\t\t\t\t\t\t\t\t<\/div>\n\t\t\t\t<\/div>\n\t\t\t\t\t<\/div>\n\t\t<\/div>\n\t\t\t\t<div class=\"elementor-column elementor-col-50 elementor-top-column elementor-element elementor-element-c8a8959\" data-id=\"c8a8959\" data-element_type=\"column\" data-settings=\"{&quot;background_background&quot;:&quot;classic&quot;}\">\n\t\t\t<div class=\"elementor-widget-wrap elementor-element-populated\">\n\t\t\t\t\t\t<div class=\"elementor-element elementor-element-ea45bec elementor-widget elementor-widget-qi_addons_for_elementor_section_title\" data-id=\"ea45bec\" data-element_type=\"widget\" data-widget_type=\"qi_addons_for_elementor_section_title.default\">\n\t\t\t\t<div class=\"elementor-widget-container\">\n\t\t\t\t\t<div class=\"qodef-shortcode qodef-m qodef-qi-section-title qodef-decoration--italic qodef-link--underline-draw qodef-subtitle-icon--left\">\n\t\t\t\t\t\t\t\t<div class=\"qodef-m-text\"><h2>Soluciones a medida para la visita y para la celebraci\u00f3n de Eventos Empresariales<\/h2><p>Por fin, la luz del Transfer le ofrece soluciones a medida para la visita y el transporte de los eventos, para que los que, por ejemplo, se pueda aprovechar al m\u00e1ximo su viaje a R\u00edo de Janeiro.<\/p><p>En pocas palabras, ya sea turista o el ejecutivo, en el que nuestros conductores est\u00e1n dispuestos a ofrecer consejos sobre los mejores lugares de inter\u00e9s y locales de negocios.<\/p><p>Como resultado de ello, se garantiza un viaje c\u00f3modo y agradable, gracias a la avanzada tecnolog\u00eda y el confort de nuestros veh\u00edculos.<\/p><p><strong><em>Quieres solicitar un presupuesto?<\/em><\/strong><em> <a href=\"https:\/\/luxtransfer.com.br\/es\/contato\/\"><strong>Haga clic aqu\u00ed<\/strong><\/a><\/em><\/p><\/div>\n\t<\/div>\n\t\t\t\t<\/div>\n\t\t\t\t<\/div>\n\t\t\t\t<div class=\"elementor-element elementor-element-1701dbb elementor-align-center elementor-tablet-align-left elementor-mobile-align-justify elementor-widget__width-auto elementor-widget elementor-widget-button\" data-id=\"1701dbb\" data-element_type=\"widget\" data-widget_type=\"button.default\">\n\t\t\t\t<div class=\"elementor-widget-container\">\n\t\t\t\t\t\t\t\t\t<div class=\"elementor-button-wrapper\">\n\t\t\t\t\t<a class=\"elementor-button elementor-button-link elementor-size-sm\" href=\"https:\/\/api.whatsapp.com\/send?phone=55021976828801&#038;text=Ol%C3%A1%20Lux%20Transfer,%20estou%20entrando%20em%20contato%20para%20solicitar%20um%20or%C3%A7amento.\" target=\"_blank\">\n\t\t\t\t\t\t<span class=\"elementor-button-content-wrapper\">\n\t\t\t\t\t\t<span class=\"elementor-button-icon\">\n\t\t\t\t<i aria-hidden=\"true\" class=\"fab fa-whatsapp\"><\/i>\t\t\t<\/span>\n\t\t\t\t\t\t\t\t\t<span class=\"elementor-button-text\">Hable con el servicio de Whatsapp<\/span>\n\t\t\t\t\t<\/span>\n\t\t\t\t\t<\/a>\n\t\t\t\t<\/div>\n\t\t\t\t\t\t\t\t<\/div>\n\t\t\t\t<\/div>\n\t\t\t\t\t<\/div>\n\t\t<\/div>\n\t\t\t\t\t<\/div>\n\t\t<\/section>\n\t\t\t\t<\/div>","protected":false},"excerpt":{"rendered":"<p>Empresa de transporte executivo Conhe\u00e7a a a Lux Transfer, uma empresa de transporte executivo no Rio de Janeiro. Al\u00e9m disso, gra\u00e7as \u00e0 sua equipe altamente capacitada e mais importante, \u00e0 sua frota moderna e bem cuidada, oferecemos por exemplo: servi\u00e7os de transfer para hot\u00e9is e resorts, city tour, traslados de executivos e eventos empresariais. Da [&hellip;]<\/p>","protected":false},"author":1,"featured_media":1070,"parent":0,"menu_order":0,"comment_status":"closed","ping_status":"closed","template":"elementor_header_footer","meta":{"_joinchat":[],"footnotes":""},"class_list":["post-286","page","type-page","status-publish","has-post-thumbnail","hentry"],"_links":{"self":[{"href":"https:\/\/luxtransfer.com.br\/es\/wp-json\/wp\/v2\/pages\/286","targetHints":{"allow":["GET"]}}],"collection":[{"href":"https:\/\/luxtransfer.com.br\/es\/wp-json\/wp\/v2\/pages"}],"about":[{"href":"https:\/\/luxtransfer.com.br\/es\/wp-json\/wp\/v2\/types\/page"}],"author":[{"embeddable":true,"href":"https:\/\/luxtransfer.com.br\/es\/wp-json\/wp\/v2\/users\/1"}],"replies":[{"embeddable":true,"href":"https:\/\/luxtransfer.com.br\/es\/wp-json\/wp\/v2\/comments?post=286"}],"version-history":[{"count":6,"href":"https:\/\/luxtransfer.com.br\/es\/wp-json\/wp\/v2\/pages\/286\/revisions"}],"predecessor-version":[{"id":2209,"href":"https:\/\/luxtransfer.com.br\/es\/wp-json\/wp\/v2\/pages\/286\/revisions\/2209"}],"wp:featuredmedia":[{"embeddable":true,"href":"https:\/\/luxtransfer.com.br\/es\/wp-json\/wp\/v2\/media\/1070"}],"wp:attachment":[{"href":"https:\/\/luxtransfer.com.br\/es\/wp-json\/wp\/v2\/media?parent=286"}],"curies":[{"name":"wp","href":"https:\/\/api.w.org\/{rel}","templated":true}]}}