{"id":286,"date":"2023-02-02T11:25:03","date_gmt":"2023-02-02T14:25:03","guid":{"rendered":"https:\/\/luxtransfer.com.br\/?page_id=286"},"modified":"2025-04-24T12:21:02","modified_gmt":"2025-04-24T15:21:02","slug":"empresa-transporte-executivo","status":"publish","type":"page","link":"https:\/\/luxtransfer.com.br\/en\/empresa-transporte-executivo\/","title":{"rendered":"Who We Are"},"content":{"rendered":"<div data-elementor-type=\"wp-page\" data-elementor-id=\"286\" class=\"elementor elementor-286\" data-elementor-post-type=\"page\">\n\t\t\t\t\t\t<section class=\"elementor-section elementor-top-section elementor-element elementor-element-491b6e9 elementor-section-content-middle elementor-section-boxed elementor-section-height-default elementor-section-height-default\" data-id=\"491b6e9\" data-element_type=\"section\" data-settings=\"{&quot;background_background&quot;:&quot;classic&quot;}\">\n\t\t\t\t\t\t<div class=\"elementor-container elementor-column-gap-no\">\n\t\t\t\t\t<div class=\"elementor-column elementor-col-50 elementor-top-column elementor-element elementor-element-26ea1846\" data-id=\"26ea1846\" data-element_type=\"column\" data-settings=\"{&quot;background_background&quot;:&quot;classic&quot;}\">\n\t\t\t<div class=\"elementor-widget-wrap elementor-element-populated\">\n\t\t\t\t\t\t<div class=\"elementor-element elementor-element-baac5f8 elementor-widget elementor-widget-image\" data-id=\"baac5f8\" data-element_type=\"widget\" data-widget_type=\"image.default\">\n\t\t\t\t<div class=\"elementor-widget-container\">\n\t\t\t\t\t\t\t\t\t\t\t\t\t\t\t<img fetchpriority=\"high\" decoding=\"async\" width=\"865\" height=\"1342\" src=\"https:\/\/luxtransfer.com.br\/wp-content\/uploads\/2023\/03\/empresa-de-transporte-executivo.jpg\" class=\"attachment-full size-full wp-image-1168\" alt=\"Empresa de transporte executivo no Rio de Janeiro\" srcset=\"https:\/\/luxtransfer.com.br\/wp-content\/uploads\/2023\/03\/empresa-de-transporte-executivo.jpg 865w, https:\/\/luxtransfer.com.br\/wp-content\/uploads\/2023\/03\/empresa-de-transporte-executivo-193x300.jpg 193w, https:\/\/luxtransfer.com.br\/wp-content\/uploads\/2023\/03\/empresa-de-transporte-executivo-660x1024.jpg 660w, https:\/\/luxtransfer.com.br\/wp-content\/uploads\/2023\/03\/empresa-de-transporte-executivo-768x1192.jpg 768w\" sizes=\"(max-width: 865px) 100vw, 865px\" \/>\t\t\t\t\t\t\t\t\t\t\t\t\t\t\t<\/div>\n\t\t\t\t<\/div>\n\t\t\t\t\t<\/div>\n\t\t<\/div>\n\t\t\t\t<div class=\"elementor-column elementor-col-50 elementor-top-column elementor-element elementor-element-3f5852e5\" data-id=\"3f5852e5\" data-element_type=\"column\" data-settings=\"{&quot;background_background&quot;:&quot;classic&quot;}\">\n\t\t\t<div class=\"elementor-widget-wrap elementor-element-populated\">\n\t\t\t\t\t\t<div class=\"elementor-element elementor-element-8f14da8 elementor-widget elementor-widget-qi_addons_for_elementor_section_title\" data-id=\"8f14da8\" data-element_type=\"widget\" data-widget_type=\"qi_addons_for_elementor_section_title.default\">\n\t\t\t\t<div class=\"elementor-widget-container\">\n\t\t\t\t\t<div class=\"qodef-shortcode qodef-m qodef-qi-section-title qodef-decoration--italic qodef-link--underline-draw qodef-subtitle-icon--left\">\n\t\t\t\t\t\t<h1 class=\"qodef-m-title\">\n\t\tCompany <span class=\"qodef-e-colored\">shipping<\/span> executive\t<\/h1>\n\t\t\t<div class=\"qodef-m-text\"><p>Get to know the Lux-airport Transfer, a shipping company executive, in Rio de Janeiro.<\/p><p>In addition, thanks to its team of highly-trained, and more importantly, to its fleet of modern and well-taken care of, we, for example, the services of a transfer to and from hotels, resorts, city tours, transfers, executive and corporate events.<\/p><p>In the same way, in the first place, to provide armoured vehicles in the second place, with a private driver to be bilingual, and a 24-hour reception.<\/p><h2>The experience and skills of the Team<\/h2><p>While this is due to the experience and qualifications of the staff, from the beginning of the Lux-airport Transfer has emerged as a leader in the market for corporate transport.<\/p><p>That is, after all of that, we offer customized solutions and innovative approaches to meet the needs of our customers.<\/p><p>Of course, it is the result of a team of highly-qualified and with extensive experience in shipping executive.<\/p><p>In the same way, they have a solid commitment to provide our customers with a trip to a high-quality, safe and secure.<\/p><\/div>\n\t<\/div>\n\t\t\t\t<\/div>\n\t\t\t\t<\/div>\n\t\t\t\t\t<\/div>\n\t\t<\/div>\n\t\t\t\t\t<\/div>\n\t\t<\/section>\n\t\t\t\t<section class=\"elementor-section elementor-top-section elementor-element elementor-element-6812d9a elementor-section-boxed elementor-section-height-default elementor-section-height-default\" data-id=\"6812d9a\" data-element_type=\"section\" data-settings=\"{&quot;background_background&quot;:&quot;classic&quot;}\">\n\t\t\t\t\t\t<div class=\"elementor-container elementor-column-gap-default\">\n\t\t\t\t\t<div class=\"elementor-column elementor-col-50 elementor-top-column elementor-element elementor-element-5d42512\" data-id=\"5d42512\" data-element_type=\"column\" data-settings=\"{&quot;background_background&quot;:&quot;classic&quot;}\">\n\t\t\t<div class=\"elementor-widget-wrap elementor-element-populated\">\n\t\t\t\t\t\t<div class=\"elementor-element elementor-element-7a050ad elementor-widget elementor-widget-qi_addons_for_elementor_section_title\" data-id=\"7a050ad\" data-element_type=\"widget\" data-widget_type=\"qi_addons_for_elementor_section_title.default\">\n\t\t\t\t<div class=\"elementor-widget-container\">\n\t\t\t\t\t<div class=\"qodef-shortcode qodef-m qodef-qi-section-title qodef-decoration--italic qodef-link--underline-draw qodef-subtitle-icon--left\">\n\t\t\t\t\t\t\t\t<div class=\"qodef-m-text\"><h2>The fleet is Modern and Well Cared for<\/h2><p>In regard to the fleet, and subsequently it includes, for example, the vehicle's high-quality, like a car, stylish, comfortable, and light armored vehicles, to meet all the transportation needs of our customers.<\/p><p>All vehicles are rigorously maintained and fully equipped with the latest technologies, such as, for example, the air-conditioned rooms, free Wi-Fi and a stereo system with the latest technology.<\/p><p>In the same way, our drivers are professionally trained and experienced, as a result, they are always ready to cater to the needs of our clients, and guarantee a smooth travel experience and a pleasant one.<\/p><\/div>\n\t<\/div>\n\t\t\t\t<\/div>\n\t\t\t\t<\/div>\n\t\t\t\t<div class=\"elementor-element elementor-element-491befab elementor-align-center elementor-tablet-align-left elementor-mobile-align-justify elementor-widget__width-auto elementor-widget elementor-widget-button\" data-id=\"491befab\" data-element_type=\"widget\" data-widget_type=\"button.default\">\n\t\t\t\t<div class=\"elementor-widget-container\">\n\t\t\t\t\t\t\t\t\t<div class=\"elementor-button-wrapper\">\n\t\t\t\t\t<a class=\"elementor-button elementor-button-link elementor-size-sm\" href=\"https:\/\/luxtransfer.com.br\/en\/servicos-transporte-executivo\/\">\n\t\t\t\t\t\t<span class=\"elementor-button-content-wrapper\">\n\t\t\t\t\t\t<span class=\"elementor-button-icon\">\n\t\t\t\t<i aria-hidden=\"true\" class=\"fas fa-car\"><\/i>\t\t\t<\/span>\n\t\t\t\t\t\t\t\t\t<span class=\"elementor-button-text\">Our services<\/span>\n\t\t\t\t\t<\/span>\n\t\t\t\t\t<\/a>\n\t\t\t\t<\/div>\n\t\t\t\t\t\t\t\t<\/div>\n\t\t\t\t<\/div>\n\t\t\t\t\t<\/div>\n\t\t<\/div>\n\t\t\t\t<div class=\"elementor-column elementor-col-50 elementor-top-column elementor-element elementor-element-c8a8959\" data-id=\"c8a8959\" data-element_type=\"column\" data-settings=\"{&quot;background_background&quot;:&quot;classic&quot;}\">\n\t\t\t<div class=\"elementor-widget-wrap elementor-element-populated\">\n\t\t\t\t\t\t<div class=\"elementor-element elementor-element-ea45bec elementor-widget elementor-widget-qi_addons_for_elementor_section_title\" data-id=\"ea45bec\" data-element_type=\"widget\" data-widget_type=\"qi_addons_for_elementor_section_title.default\">\n\t\t\t\t<div class=\"elementor-widget-container\">\n\t\t\t\t\t<div class=\"qodef-shortcode qodef-m qodef-qi-section-title qodef-decoration--italic qodef-link--underline-draw qodef-subtitle-icon--left\">\n\t\t\t\t\t\t\t\t<div class=\"qodef-m-text\"><h2>Custom-tailored solutions for City tours and Corporate Events<\/h2><p>In conclusion, the Ca Transfer provides custom-tailored solutions for city tours and transportation to events, so you can, for example, you can make the most of your trip to Rio de Janeiro.<\/p><p>In short, whether you're a tourist or a business executive, and our drivers are always available to provide tips and advice on the best tourist attractions and local businesses.<\/p><p>As a result, they will ensure you a trip as comfortable and enjoyable, thanks to the cutting-edge technology and the comfort of our vehicles.<\/p><p><strong><em>To request a quote?<\/em><\/strong><em> <a href=\"https:\/\/luxtransfer.com.br\/en\/contato\/\"><strong>Click here<\/strong><\/a><\/em><\/p><\/div>\n\t<\/div>\n\t\t\t\t<\/div>\n\t\t\t\t<\/div>\n\t\t\t\t<div class=\"elementor-element elementor-element-1701dbb elementor-align-center elementor-tablet-align-left elementor-mobile-align-justify elementor-widget__width-auto elementor-widget elementor-widget-button\" data-id=\"1701dbb\" data-element_type=\"widget\" data-widget_type=\"button.default\">\n\t\t\t\t<div class=\"elementor-widget-container\">\n\t\t\t\t\t\t\t\t\t<div class=\"elementor-button-wrapper\">\n\t\t\t\t\t<a class=\"elementor-button elementor-button-link elementor-size-sm\" href=\"https:\/\/api.whatsapp.com\/send?phone=55021976828801&#038;text=Ol%C3%A1%20Lux%20Transfer,%20estou%20entrando%20em%20contato%20para%20solicitar%20um%20or%C3%A7amento.\" target=\"_blank\">\n\t\t\t\t\t\t<span class=\"elementor-button-content-wrapper\">\n\t\t\t\t\t\t<span class=\"elementor-button-icon\">\n\t\t\t\t<i aria-hidden=\"true\" class=\"fab fa-whatsapp\"><\/i>\t\t\t<\/span>\n\t\t\t\t\t\t\t\t\t<span class=\"elementor-button-text\">Contact in Whatsapp<\/span>\n\t\t\t\t\t<\/span>\n\t\t\t\t\t<\/a>\n\t\t\t\t<\/div>\n\t\t\t\t\t\t\t\t<\/div>\n\t\t\t\t<\/div>\n\t\t\t\t\t<\/div>\n\t\t<\/div>\n\t\t\t\t\t<\/div>\n\t\t<\/section>\n\t\t\t\t<\/div>","protected":false},"excerpt":{"rendered":"<p>Empresa de transporte executivo Conhe\u00e7a a a Lux Transfer, uma empresa de transporte executivo no Rio de Janeiro. Al\u00e9m disso, gra\u00e7as \u00e0 sua equipe altamente capacitada e mais importante, \u00e0 sua frota moderna e bem cuidada, oferecemos por exemplo: servi\u00e7os de transfer para hot\u00e9is e resorts, city tour, traslados de executivos e eventos empresariais. Da [&hellip;]<\/p>","protected":false},"author":1,"featured_media":1070,"parent":0,"menu_order":0,"comment_status":"closed","ping_status":"closed","template":"elementor_header_footer","meta":{"_joinchat":[],"footnotes":""},"class_list":["post-286","page","type-page","status-publish","has-post-thumbnail","hentry"],"_links":{"self":[{"href":"https:\/\/luxtransfer.com.br\/en\/wp-json\/wp\/v2\/pages\/286","targetHints":{"allow":["GET"]}}],"collection":[{"href":"https:\/\/luxtransfer.com.br\/en\/wp-json\/wp\/v2\/pages"}],"about":[{"href":"https:\/\/luxtransfer.com.br\/en\/wp-json\/wp\/v2\/types\/page"}],"author":[{"embeddable":true,"href":"https:\/\/luxtransfer.com.br\/en\/wp-json\/wp\/v2\/users\/1"}],"replies":[{"embeddable":true,"href":"https:\/\/luxtransfer.com.br\/en\/wp-json\/wp\/v2\/comments?post=286"}],"version-history":[{"count":6,"href":"https:\/\/luxtransfer.com.br\/en\/wp-json\/wp\/v2\/pages\/286\/revisions"}],"predecessor-version":[{"id":2209,"href":"https:\/\/luxtransfer.com.br\/en\/wp-json\/wp\/v2\/pages\/286\/revisions\/2209"}],"wp:featuredmedia":[{"embeddable":true,"href":"https:\/\/luxtransfer.com.br\/en\/wp-json\/wp\/v2\/media\/1070"}],"wp:attachment":[{"href":"https:\/\/luxtransfer.com.br\/en\/wp-json\/wp\/v2\/media?parent=286"}],"curies":[{"name":"wp","href":"https:\/\/api.w.org\/{rel}","templated":true}]}}